{"id":717,"date":"2020-12-16T08:31:14","date_gmt":"2020-12-16T08:31:14","guid":{"rendered":"https:\/\/drtarickleite.net\/index.php\/prevention\/"},"modified":"2024-01-30T09:47:12","modified_gmt":"2024-01-30T13:47:12","slug":"sobre","status":"publish","type":"page","link":"https:\/\/drtarickleite.net\/index.php\/sobre\/","title":{"rendered":"Sobre"},"content":{"rendered":"\t\t<div data-elementor-type=\"wp-page\" data-elementor-id=\"717\" class=\"elementor elementor-717\" data-elementor-post-type=\"page\">\n\t\t\t\t<div class=\"elementor-element elementor-element-af3c367 e-flex e-con-boxed elementor-invisible e-con e-parent\" data-id=\"af3c367\" data-element_type=\"container\" data-settings=\"{&quot;background_background&quot;:&quot;classic&quot;,&quot;animation&quot;:&quot;fadeIn&quot;}\">\n\t\t\t\t\t<div class=\"e-con-inner\">\n\t\t<div class=\"elementor-element elementor-element-0f9debf e-con-full e-flex e-con e-child\" data-id=\"0f9debf\" data-element_type=\"container\">\n\t\t\t\t<div class=\"elementor-element elementor-element-0b3ec35 elementor-widget__width-auto elementor-absolute animated-slow elementor-invisible elementor-widget elementor-widget-image\" data-id=\"0b3ec35\" data-element_type=\"widget\" data-settings=\"{&quot;_position&quot;:&quot;absolute&quot;,&quot;_animation&quot;:&quot;slideInDown&quot;}\" data-widget_type=\"image.default\">\n\t\t\t\t<div class=\"elementor-widget-container\">\n\t\t\t\t\t\t\t\t\t\t\t\t\t\t\t<img fetchpriority=\"high\" decoding=\"async\" width=\"1280\" height=\"1280\" src=\"https:\/\/drtarickleite.net\/wp-content\/uploads\/2024\/01\/stomach-icon-stomach-icon-2316627.png\" class=\"attachment-full size-full wp-image-1987\" alt=\"stomach icon, stomach, icon-2316627.jpg\" srcset=\"https:\/\/drtarickleite.net\/wp-content\/uploads\/2024\/01\/stomach-icon-stomach-icon-2316627.png 1280w, https:\/\/drtarickleite.net\/wp-content\/uploads\/2024\/01\/stomach-icon-stomach-icon-2316627-300x300.png 300w, https:\/\/drtarickleite.net\/wp-content\/uploads\/2024\/01\/stomach-icon-stomach-icon-2316627-1024x1024.png 1024w, https:\/\/drtarickleite.net\/wp-content\/uploads\/2024\/01\/stomach-icon-stomach-icon-2316627-150x150.png 150w, https:\/\/drtarickleite.net\/wp-content\/uploads\/2024\/01\/stomach-icon-stomach-icon-2316627-768x768.png 768w\" sizes=\"(max-width: 1280px) 100vw, 1280px\" \/>\t\t\t\t\t\t\t\t\t\t\t\t\t\t\t<\/div>\n\t\t\t\t<\/div>\n\t\t\t\t<div class=\"elementor-element elementor-element-649be4c elementor-invisible elementor-widget elementor-widget-heading\" data-id=\"649be4c\" data-element_type=\"widget\" data-settings=\"{&quot;_animation&quot;:&quot;slideInLeft&quot;}\" data-widget_type=\"heading.default\">\n\t\t\t\t<div class=\"elementor-widget-container\">\n\t\t\t\t\t<h4 class=\"elementor-heading-title elementor-size-default\">SOBRE MIM<\/h4>\t\t\t\t<\/div>\n\t\t\t\t<\/div>\n\t\t\t\t<div class=\"elementor-element elementor-element-a93b778 elementor-invisible elementor-widget elementor-widget-heading\" data-id=\"a93b778\" data-element_type=\"widget\" data-settings=\"{&quot;_animation&quot;:&quot;slideInRight&quot;}\" data-widget_type=\"heading.default\">\n\t\t\t\t<div class=\"elementor-widget-container\">\n\t\t\t\t\t<h2 class=\"elementor-heading-title elementor-size-default\">Dr Tarick  Leite<\/h2>\t\t\t\t<\/div>\n\t\t\t\t<\/div>\n\t\t\t\t<div class=\"elementor-element elementor-element-7646df7 elementor-widget elementor-widget-image\" data-id=\"7646df7\" data-element_type=\"widget\" data-widget_type=\"image.default\">\n\t\t\t\t<div class=\"elementor-widget-container\">\n\t\t\t\t\t\t\t\t\t\t\t\t\t\t\t<img decoding=\"async\" src=\"http:\/\/drtarickleite.net\/wp-content\/uploads\/2020\/12\/covid-19-virus-illustration-small.png\" title=\"\" alt=\"\" loading=\"lazy\" \/>\t\t\t\t\t\t\t\t\t\t\t\t\t\t\t<\/div>\n\t\t\t\t<\/div>\n\t\t\t\t<\/div>\n\t\t\t\t\t<\/div>\n\t\t\t\t<\/div>\n\t\t<div class=\"elementor-element elementor-element-746559b e-flex e-con-boxed e-con e-parent\" data-id=\"746559b\" data-element_type=\"container\" data-settings=\"{&quot;background_background&quot;:&quot;classic&quot;}\">\n\t\t\t\t\t<div class=\"e-con-inner\">\n\t\t<div class=\"elementor-element elementor-element-f650955 e-con-full e-flex e-con e-child\" data-id=\"f650955\" data-element_type=\"container\">\n\t\t<div class=\"elementor-element elementor-element-2976795 e-flex e-con-boxed e-con e-child\" data-id=\"2976795\" data-element_type=\"container\">\n\t\t\t\t\t<div class=\"e-con-inner\">\n\t\t<div class=\"elementor-element elementor-element-0338e7b e-con-full e-flex e-con e-child\" data-id=\"0338e7b\" data-element_type=\"container\">\n\t\t\t\t<div class=\"elementor-element elementor-element-caf175c animated-slow elementor-invisible elementor-widget elementor-widget-heading\" data-id=\"caf175c\" data-element_type=\"widget\" data-settings=\"{&quot;_animation&quot;:&quot;slideInRight&quot;}\" data-widget_type=\"heading.default\">\n\t\t\t\t<div class=\"elementor-widget-container\">\n\t\t\t\t\t<h3 class=\"elementor-heading-title elementor-size-default\">Dr. Tarick de Oliveira Leite<\/h3>\t\t\t\t<\/div>\n\t\t\t\t<\/div>\n\t\t\t\t<div class=\"elementor-element elementor-element-370369f elementor-widget-divider--view-line elementor-widget elementor-widget-divider\" data-id=\"370369f\" data-element_type=\"widget\" data-widget_type=\"divider.default\">\n\t\t\t\t<div class=\"elementor-widget-container\">\n\t\t\t\t\t\t\t<div class=\"elementor-divider\">\n\t\t\t<span class=\"elementor-divider-separator\">\n\t\t\t\t\t\t<\/span>\n\t\t<\/div>\n\t\t\t\t\t\t<\/div>\n\t\t\t\t<\/div>\n\t\t\t\t<div class=\"elementor-element elementor-element-a8261ca animated-slow elementor-invisible elementor-widget elementor-widget-text-editor\" data-id=\"a8261ca\" data-element_type=\"widget\" data-settings=\"{&quot;_animation&quot;:&quot;slideInRight&quot;}\" data-widget_type=\"text-editor.default\">\n\t\t\t\t<div class=\"elementor-widget-container\">\n\t\t\t\t\t\t\t\t\tDr. Tarick de Oliveira Leite \u00e9 Manauara, nascido no ano de 1979 e desde crian\u00e7a sonhava em ser m\u00e9dico e cirurgi\u00e3o, pois desde pequeno gostava de ajudar as pessoas e acreditava que com a medicina e a cirurgia essa ajuda poderia ter um alcance maior. \t\t\t\t\t\t\t\t<\/div>\n\t\t\t\t<\/div>\n\t\t\t\t<div class=\"elementor-element elementor-element-6f7c23e animated-slow elementor-invisible elementor-widget elementor-widget-text-editor\" data-id=\"6f7c23e\" data-element_type=\"widget\" data-settings=\"{&quot;_animation&quot;:&quot;slideInRight&quot;}\" data-widget_type=\"text-editor.default\">\n\t\t\t\t<div class=\"elementor-widget-container\">\n\t\t\t\t\t\t\t\t\tPossui Gradua\u00e7\u00e3o em Medicina pela Universidade Nilton Lins (UNL) em 2008; durante a sua forma\u00e7\u00e3o realizou in\u00fameros trabalhos, recebendo o Pr\u00eamio Oscar Alves de Coautor do melhor trabalho publicado na revista do Col\u00e9gio Brasileiro de Cirurgi\u00f5es em 2008, intitulado &#8220;Protocolo an\u00e1tomo-cir\u00fargico das rela\u00e7\u00f5es entre nervos lar\u00edngeos recorrentes e as art\u00e9rias tire\u00f3ideas inferiores: estudo em 79 tireoidectomias&#8221;\t\t\t\t\t\t\t\t<\/div>\n\t\t\t\t<\/div>\n\t\t\t\t<\/div>\n\t\t<div class=\"elementor-element elementor-element-8c07c09 e-con-full e-flex e-con e-child\" data-id=\"8c07c09\" data-element_type=\"container\">\n\t\t\t\t<div class=\"elementor-element elementor-element-34e4d5a animated-slow elementor-invisible elementor-widget elementor-widget-image\" data-id=\"34e4d5a\" data-element_type=\"widget\" data-settings=\"{&quot;_animation&quot;:&quot;slideInLeft&quot;}\" data-widget_type=\"image.default\">\n\t\t\t\t<div class=\"elementor-widget-container\">\n\t\t\t\t\t\t\t\t\t\t\t\t\t\t\t<img decoding=\"async\" width=\"2560\" height=\"1707\" src=\"https:\/\/drtarickleite.net\/wp-content\/uploads\/2024\/01\/IMG_1504-scaled.jpg\" class=\"attachment-full size-full wp-image-1840\" alt=\"\" srcset=\"https:\/\/drtarickleite.net\/wp-content\/uploads\/2024\/01\/IMG_1504-scaled.jpg 2560w, https:\/\/drtarickleite.net\/wp-content\/uploads\/2024\/01\/IMG_1504-300x200.jpg 300w, https:\/\/drtarickleite.net\/wp-content\/uploads\/2024\/01\/IMG_1504-1024x683.jpg 1024w, https:\/\/drtarickleite.net\/wp-content\/uploads\/2024\/01\/IMG_1504-768x512.jpg 768w, https:\/\/drtarickleite.net\/wp-content\/uploads\/2024\/01\/IMG_1504-1536x1024.jpg 1536w, https:\/\/drtarickleite.net\/wp-content\/uploads\/2024\/01\/IMG_1504-2048x1365.jpg 2048w\" sizes=\"(max-width: 2560px) 100vw, 2560px\" \/>\t\t\t\t\t\t\t\t\t\t\t\t\t\t\t<\/div>\n\t\t\t\t<\/div>\n\t\t\t\t<\/div>\n\t\t\t\t\t<\/div>\n\t\t\t\t<\/div>\n\t\t<div class=\"elementor-element elementor-element-75cf599 e-flex e-con-boxed e-con e-child\" data-id=\"75cf599\" data-element_type=\"container\">\n\t\t\t\t\t<div class=\"e-con-inner\">\n\t\t<div class=\"elementor-element elementor-element-f254ff6 e-con-full animated-slow e-flex elementor-invisible e-con e-child\" data-id=\"f254ff6\" data-element_type=\"container\" data-settings=\"{&quot;animation&quot;:&quot;slideInRight&quot;}\">\n\t\t\t\t<div class=\"elementor-element elementor-element-cd0dba9 elementor-widget elementor-widget-image\" data-id=\"cd0dba9\" data-element_type=\"widget\" data-widget_type=\"image.default\">\n\t\t\t\t<div class=\"elementor-widget-container\">\n\t\t\t\t\t\t\t\t\t\t\t\t\t\t\t<img decoding=\"async\" width=\"2560\" height=\"1707\" src=\"https:\/\/drtarickleite.net\/wp-content\/uploads\/2024\/01\/IMG_1494-scaled.jpg\" class=\"attachment-full size-full wp-image-1830\" alt=\"\" srcset=\"https:\/\/drtarickleite.net\/wp-content\/uploads\/2024\/01\/IMG_1494-scaled.jpg 2560w, https:\/\/drtarickleite.net\/wp-content\/uploads\/2024\/01\/IMG_1494-300x200.jpg 300w, https:\/\/drtarickleite.net\/wp-content\/uploads\/2024\/01\/IMG_1494-1024x683.jpg 1024w, https:\/\/drtarickleite.net\/wp-content\/uploads\/2024\/01\/IMG_1494-768x512.jpg 768w, https:\/\/drtarickleite.net\/wp-content\/uploads\/2024\/01\/IMG_1494-1536x1024.jpg 1536w, https:\/\/drtarickleite.net\/wp-content\/uploads\/2024\/01\/IMG_1494-2048x1365.jpg 2048w\" sizes=\"(max-width: 2560px) 100vw, 2560px\" \/>\t\t\t\t\t\t\t\t\t\t\t\t\t\t\t<\/div>\n\t\t\t\t<\/div>\n\t\t\t\t<\/div>\n\t\t<div class=\"elementor-element elementor-element-0675ba7 e-con-full e-flex e-con e-child\" data-id=\"0675ba7\" data-element_type=\"container\">\n\t\t\t\t<div class=\"elementor-element elementor-element-59233b2 animated-slow elementor-invisible elementor-widget elementor-widget-heading\" data-id=\"59233b2\" data-element_type=\"widget\" data-settings=\"{&quot;_animation&quot;:&quot;slideInLeft&quot;}\" data-widget_type=\"heading.default\">\n\t\t\t\t<div class=\"elementor-widget-container\">\n\t\t\t\t\t<h3 class=\"elementor-heading-title elementor-size-default\">P\u00f3s - Gradua\u00e7\u00e3o<\/h3>\t\t\t\t<\/div>\n\t\t\t\t<\/div>\n\t\t\t\t<div class=\"elementor-element elementor-element-d6f98d1 elementor-widget-divider--view-line elementor-widget elementor-widget-divider\" data-id=\"d6f98d1\" data-element_type=\"widget\" data-widget_type=\"divider.default\">\n\t\t\t\t<div class=\"elementor-widget-container\">\n\t\t\t\t\t\t\t<div class=\"elementor-divider\">\n\t\t\t<span class=\"elementor-divider-separator\">\n\t\t\t\t\t\t<\/span>\n\t\t<\/div>\n\t\t\t\t\t\t<\/div>\n\t\t\t\t<\/div>\n\t\t\t\t<div class=\"elementor-element elementor-element-8fd4860 animated-slow elementor-invisible elementor-widget elementor-widget-text-editor\" data-id=\"8fd4860\" data-element_type=\"widget\" data-settings=\"{&quot;_animation&quot;:&quot;slideInLeft&quot;}\" data-widget_type=\"text-editor.default\">\n\t\t\t\t<div class=\"elementor-widget-container\">\n\t\t\t\t\t\t\t\t\tAp\u00f3s formado, realizou P\u00f3s-Gradua\u00e7\u00e3o em Cirurgia Geral pela Funda\u00e7\u00e3o Hospital Adriano Jorge-FHAJ (2011\/2013). \t\t\t\t\t\t\t\t<\/div>\n\t\t\t\t<\/div>\n\t\t\t\t<div class=\"elementor-element elementor-element-257b8af animated-slow elementor-invisible elementor-widget elementor-widget-text-editor\" data-id=\"257b8af\" data-element_type=\"widget\" data-settings=\"{&quot;_animation&quot;:&quot;slideInLeft&quot;}\" data-widget_type=\"text-editor.default\">\n\t\t\t\t<div class=\"elementor-widget-container\">\n\t\t\t\t\t\t\t\t\tCom o intuito de aprimorar e aumentar seus conhecimentos em cirurgia, o Dr. Tarick Leite realizou sua subespecialidade em Cirurgia do Aparelho Digestivo pelo Hospital Universit\u00e1rio Get\u00falio Vargas-HUGV (2015\/2017).\t\t\t\t\t\t\t\t<\/div>\n\t\t\t\t<\/div>\n\t\t\t\t<\/div>\n\t\t\t\t\t<\/div>\n\t\t\t\t<\/div>\n\t\t<div class=\"elementor-element elementor-element-afa5c02 e-flex e-con-boxed e-con e-child\" data-id=\"afa5c02\" data-element_type=\"container\">\n\t\t\t\t\t<div class=\"e-con-inner\">\n\t\t<div class=\"elementor-element elementor-element-756a98e e-con-full e-flex e-con e-child\" data-id=\"756a98e\" data-element_type=\"container\">\n\t\t\t\t<div class=\"elementor-element elementor-element-bb6256c animated-slow elementor-invisible elementor-widget elementor-widget-heading\" data-id=\"bb6256c\" data-element_type=\"widget\" data-settings=\"{&quot;_animation&quot;:&quot;slideInRight&quot;}\" data-widget_type=\"heading.default\">\n\t\t\t\t<div class=\"elementor-widget-container\">\n\t\t\t\t\t<h3 class=\"elementor-heading-title elementor-size-default\">Cirurgia do Aparelho Digestivo<\/h3>\t\t\t\t<\/div>\n\t\t\t\t<\/div>\n\t\t\t\t<div class=\"elementor-element elementor-element-5f546d2 elementor-widget-divider--view-line elementor-invisible elementor-widget elementor-widget-divider\" data-id=\"5f546d2\" data-element_type=\"widget\" data-settings=\"{&quot;_animation&quot;:&quot;slideInRight&quot;}\" data-widget_type=\"divider.default\">\n\t\t\t\t<div class=\"elementor-widget-container\">\n\t\t\t\t\t\t\t<div class=\"elementor-divider\">\n\t\t\t<span class=\"elementor-divider-separator\">\n\t\t\t\t\t\t<\/span>\n\t\t<\/div>\n\t\t\t\t\t\t<\/div>\n\t\t\t\t<\/div>\n\t\t\t\t<div class=\"elementor-element elementor-element-c9ac985 animated-slow elementor-invisible elementor-widget elementor-widget-text-editor\" data-id=\"c9ac985\" data-element_type=\"widget\" data-settings=\"{&quot;_animation&quot;:&quot;slideInRight&quot;}\" data-widget_type=\"text-editor.default\">\n\t\t\t\t<div class=\"elementor-widget-container\">\n\t\t\t\t\t\t\t\t\tA Cirurgia do Aparelho Digestivo \u00e9 a especialidade m\u00e9dica que trata as doen\u00e7as benignas e malignas que acometem o trato gastrointestinal, desde o es\u00f4fago at\u00e9 o reto e \u00e2nus, por meio de procedimentos endosc\u00f3picos e cir\u00fargicos. Isso inclui tamb\u00e9m as gl\u00e2ndulas anexas como f\u00edgado, vias biliares e p\u00e2ncreas. \t\t\t\t\t\t\t\t<\/div>\n\t\t\t\t<\/div>\n\t\t\t\t<div class=\"elementor-element elementor-element-332bf54 animated-slow elementor-invisible elementor-widget elementor-widget-text-editor\" data-id=\"332bf54\" data-element_type=\"widget\" data-settings=\"{&quot;_animation&quot;:&quot;slideInRight&quot;}\" data-widget_type=\"text-editor.default\">\n\t\t\t\t<div class=\"elementor-widget-container\">\n\t\t\t\t\t\t\t\t\tAtualmente \u00e9 s\u00f3cio da Cl\u00ednica Medinova, onde trabalha com cirurgi\u00e3o do aparelho digestivo, desenvolvendo atividades nas \u00e1reas de cirurgia videolaparosc\u00f3pica, endoscopia digestiva alta diagn\u00f3stica e terap\u00eautica, colonoscopia diagn\u00f3stica e terap\u00eautica, assim como na \u00e1rea da motilidade digestiva realizando exames de Manometria esof\u00e1gica de alta resolu\u00e7\u00e3o e pHmetria e impedanciophmetria esof\u00e1gica de 24h. Al\u00e9m disso, realiza trabalho voltado para o tratamento da obesidade (coloca\u00e7\u00e3o de bal\u00e3o intra g\u00e1strico).\t\t\t\t\t\t\t\t<\/div>\n\t\t\t\t<\/div>\n\t\t\t\t<\/div>\n\t\t<div class=\"elementor-element elementor-element-1ef5a3c e-con-full e-flex e-con e-child\" data-id=\"1ef5a3c\" data-element_type=\"container\">\n\t\t\t\t<div class=\"elementor-element elementor-element-2affd60 animated-slow elementor-invisible elementor-widget elementor-widget-image\" data-id=\"2affd60\" data-element_type=\"widget\" data-settings=\"{&quot;_animation&quot;:&quot;slideInLeft&quot;}\" data-widget_type=\"image.default\">\n\t\t\t\t<div class=\"elementor-widget-container\">\n\t\t\t\t\t\t\t\t\t\t\t\t\t\t\t<img loading=\"lazy\" decoding=\"async\" width=\"2560\" height=\"1707\" src=\"https:\/\/drtarickleite.net\/wp-content\/uploads\/2024\/01\/IMG_1505-scaled.jpg\" class=\"attachment-full size-full wp-image-1841\" alt=\"\" srcset=\"https:\/\/drtarickleite.net\/wp-content\/uploads\/2024\/01\/IMG_1505-scaled.jpg 2560w, https:\/\/drtarickleite.net\/wp-content\/uploads\/2024\/01\/IMG_1505-300x200.jpg 300w, https:\/\/drtarickleite.net\/wp-content\/uploads\/2024\/01\/IMG_1505-1024x683.jpg 1024w, https:\/\/drtarickleite.net\/wp-content\/uploads\/2024\/01\/IMG_1505-768x512.jpg 768w, https:\/\/drtarickleite.net\/wp-content\/uploads\/2024\/01\/IMG_1505-1536x1024.jpg 1536w, https:\/\/drtarickleite.net\/wp-content\/uploads\/2024\/01\/IMG_1505-2048x1365.jpg 2048w\" sizes=\"(max-width: 2560px) 100vw, 2560px\" \/>\t\t\t\t\t\t\t\t\t\t\t\t\t\t\t<\/div>\n\t\t\t\t<\/div>\n\t\t\t\t<\/div>\n\t\t\t\t\t<\/div>\n\t\t\t\t<\/div>\n\t\t\t\t<\/div>\n\t\t\t\t\t<\/div>\n\t\t\t\t<\/div>\n\t\t<div class=\"elementor-element elementor-element-afee901 e-flex e-con-boxed e-con e-parent\" data-id=\"afee901\" data-element_type=\"container\">\n\t\t\t\t\t<div class=\"e-con-inner\">\n\t\t<div class=\"elementor-element elementor-element-35ffa13 e-flex e-con-boxed e-con e-child\" data-id=\"35ffa13\" data-element_type=\"container\">\n\t\t\t\t\t<div class=\"e-con-inner\">\n\t\t\t\t<div class=\"elementor-element elementor-element-14f8400 elementor-widget-divider--view-line_text animated-slow elementor-widget-divider--element-align-center elementor-invisible elementor-widget elementor-widget-divider\" data-id=\"14f8400\" data-element_type=\"widget\" data-settings=\"{&quot;_animation&quot;:&quot;slideInUp&quot;}\" data-widget_type=\"divider.default\">\n\t\t\t\t<div class=\"elementor-widget-container\">\n\t\t\t\t\t\t\t<div class=\"elementor-divider\">\n\t\t\t<span class=\"elementor-divider-separator\">\n\t\t\t\t\t\t\t<span class=\"elementor-divider__text elementor-divider__element\">\n\t\t\t\tCertificados\t\t\t\t<\/span>\n\t\t\t\t\t\t<\/span>\n\t\t<\/div>\n\t\t\t\t\t\t<\/div>\n\t\t\t\t<\/div>\n\t\t\t\t<div class=\"elementor-element elementor-element-80480e1 animated-slow elementor-arrows-position-inside elementor-pagination-position-outside elementor-invisible elementor-widget elementor-widget-image-carousel\" data-id=\"80480e1\" data-element_type=\"widget\" data-settings=\"{&quot;slides_to_show&quot;:&quot;2&quot;,&quot;slides_to_scroll&quot;:&quot;1&quot;,&quot;autoplay_speed&quot;:3000,&quot;image_spacing_custom&quot;:{&quot;unit&quot;:&quot;px&quot;,&quot;size&quot;:100,&quot;sizes&quot;:[]},&quot;_animation&quot;:&quot;zoomIn&quot;,&quot;navigation&quot;:&quot;both&quot;,&quot;autoplay&quot;:&quot;yes&quot;,&quot;pause_on_hover&quot;:&quot;yes&quot;,&quot;pause_on_interaction&quot;:&quot;yes&quot;,&quot;infinite&quot;:&quot;yes&quot;,&quot;speed&quot;:500,&quot;image_spacing_custom_tablet&quot;:{&quot;unit&quot;:&quot;px&quot;,&quot;size&quot;:&quot;&quot;,&quot;sizes&quot;:[]},&quot;image_spacing_custom_mobile&quot;:{&quot;unit&quot;:&quot;px&quot;,&quot;size&quot;:&quot;&quot;,&quot;sizes&quot;:[]}}\" data-widget_type=\"image-carousel.default\">\n\t\t\t\t<div class=\"elementor-widget-container\">\n\t\t\t\t\t\t\t<div class=\"elementor-image-carousel-wrapper swiper\" role=\"region\" aria-roledescription=\"carousel\" aria-label=\"Carrossel de imagens\" dir=\"ltr\">\n\t\t\t<div class=\"elementor-image-carousel swiper-wrapper\" aria-live=\"off\">\n\t\t\t\t\t\t\t\t<div class=\"swiper-slide\" role=\"group\" aria-roledescription=\"slide\" aria-label=\"1 de 3\"><figure class=\"swiper-slide-inner\"><img decoding=\"async\" class=\"swiper-slide-image\" src=\"https:\/\/drtarickleite.net\/wp-content\/uploads\/2024\/01\/Certificado-Imersao-Endoscopia.png\" alt=\"Certificado Imers\u00e3o - Endoscopia\" \/><\/figure><\/div><div class=\"swiper-slide\" role=\"group\" aria-roledescription=\"slide\" aria-label=\"2 de 3\"><figure class=\"swiper-slide-inner\"><img decoding=\"async\" class=\"swiper-slide-image\" src=\"https:\/\/drtarickleite.net\/wp-content\/uploads\/2024\/01\/certificado-cirurgia-do-aparelho-digestivo-2.png\" alt=\"certificado cirurgia do aparelho digestivo 2\" \/><\/figure><\/div><div class=\"swiper-slide\" role=\"group\" aria-roledescription=\"slide\" aria-label=\"3 de 3\"><figure class=\"swiper-slide-inner\"><img decoding=\"async\" class=\"swiper-slide-image\" src=\"https:\/\/drtarickleite.net\/wp-content\/uploads\/2024\/01\/certificado-cirurgia-do-ap-digestivo.png\" alt=\"certificado cirurgia do ap digestivo\" \/><\/figure><\/div>\t\t\t<\/div>\n\t\t\t\t\t\t\t\t\t\t\t\t<div class=\"elementor-swiper-button elementor-swiper-button-prev\" role=\"button\" tabindex=\"0\">\n\t\t\t\t\t\t<svg aria-hidden=\"true\" class=\"e-font-icon-svg e-eicon-chevron-left\" viewBox=\"0 0 1000 1000\" xmlns=\"http:\/\/www.w3.org\/2000\/svg\"><path d=\"M646 125C629 125 613 133 604 142L308 442C296 454 292 471 292 487 292 504 296 521 308 533L604 854C617 867 629 875 646 875 663 875 679 871 692 858 704 846 713 829 713 812 713 796 708 779 692 767L438 487 692 225C700 217 708 204 708 187 708 171 704 154 692 142 675 129 663 125 646 125Z\"><\/path><\/svg>\t\t\t\t\t<\/div>\n\t\t\t\t\t<div class=\"elementor-swiper-button elementor-swiper-button-next\" role=\"button\" tabindex=\"0\">\n\t\t\t\t\t\t<svg aria-hidden=\"true\" class=\"e-font-icon-svg e-eicon-chevron-right\" viewBox=\"0 0 1000 1000\" xmlns=\"http:\/\/www.w3.org\/2000\/svg\"><path d=\"M696 533C708 521 713 504 713 487 713 471 708 454 696 446L400 146C388 133 375 125 354 125 338 125 325 129 313 142 300 154 292 171 292 187 292 204 296 221 308 233L563 492 304 771C292 783 288 800 288 817 288 833 296 850 308 863 321 871 338 875 354 875 371 875 388 867 400 854L696 533Z\"><\/path><\/svg>\t\t\t\t\t<\/div>\n\t\t\t\t\n\t\t\t\t\t\t\t\t\t<div class=\"swiper-pagination\"><\/div>\n\t\t\t\t\t\t\t\t\t<\/div>\n\t\t\t\t\t\t<\/div>\n\t\t\t\t<\/div>\n\t\t\t\t\t<\/div>\n\t\t\t\t<\/div>\n\t\t\t\t\t<\/div>\n\t\t\t\t<\/div>\n\t\t\t\t<\/div>\n\t\t","protected":false},"excerpt":{"rendered":"<p>SOBRE MIM Dr Tarick Leite Dr. Tarick de Oliveira Leite Dr. Tarick de Oliveira Leite \u00e9 Manauara, nascido no ano de 1979 e desde crian\u00e7a sonhava em ser m\u00e9dico e cirurgi\u00e3o, pois desde pequeno gostava de ajudar as pessoas e acreditava que com a medicina e a cirurgia essa ajuda poderia ter um alcance maior. [&hellip;]<\/p>\n","protected":false},"author":1,"featured_media":0,"parent":0,"menu_order":0,"comment_status":"closed","ping_status":"closed","template":"","meta":{"om_disable_all_campaigns":false,"inline_featured_image":false,"_monsterinsights_skip_tracking":false,"_monsterinsights_sitenote_active":false,"_monsterinsights_sitenote_note":"","_monsterinsights_sitenote_category":0,"site-sidebar-layout":"no-sidebar","site-content-layout":"page-builder","ast-site-content-layout":"full-width-container","site-content-style":"unboxed","site-sidebar-style":"unboxed","ast-global-header-display":"","ast-banner-title-visibility":"","ast-main-header-display":"","ast-hfb-above-header-display":"","ast-hfb-below-header-display":"","ast-hfb-mobile-header-display":"","site-post-title":"disabled","ast-breadcrumbs-content":"","ast-featured-img":"disabled","footer-sml-layout":"","ast-disable-related-posts":"","theme-transparent-header-meta":"enabled","adv-header-id-meta":"","stick-header-meta":"","header-above-stick-meta":"","header-main-stick-meta":"","header-below-stick-meta":"","astra-migrate-meta-layouts":"set","ast-page-background-enabled":"default","ast-page-background-meta":{"desktop":{"background-color":"","background-image":"","background-repeat":"repeat","background-position":"center center","background-size":"auto","background-attachment":"scroll","background-type":"","background-media":"","overlay-type":"","overlay-color":"","overlay-opacity":"","overlay-gradient":""},"tablet":{"background-color":"","background-image":"","background-repeat":"repeat","background-position":"center center","background-size":"auto","background-attachment":"scroll","background-type":"","background-media":"","overlay-type":"","overlay-color":"","overlay-opacity":"","overlay-gradient":""},"mobile":{"background-color":"","background-image":"","background-repeat":"repeat","background-position":"center center","background-size":"auto","background-attachment":"scroll","background-type":"","background-media":"","overlay-type":"","overlay-color":"","overlay-opacity":"","overlay-gradient":""}},"ast-content-background-meta":{"desktop":{"background-color":"var(--ast-global-color-5)","background-image":"","background-repeat":"repeat","background-position":"center center","background-size":"auto","background-attachment":"scroll","background-type":"","background-media":"","overlay-type":"","overlay-color":"","overlay-opacity":"","overlay-gradient":""},"tablet":{"background-color":"var(--ast-global-color-5)","background-image":"","background-repeat":"repeat","background-position":"center center","background-size":"auto","background-attachment":"scroll","background-type":"","background-media":"","overlay-type":"","overlay-color":"","overlay-opacity":"","overlay-gradient":""},"mobile":{"background-color":"var(--ast-global-color-5)","background-image":"","background-repeat":"repeat","background-position":"center center","background-size":"auto","background-attachment":"scroll","background-type":"","background-media":"","overlay-type":"","overlay-color":"","overlay-opacity":"","overlay-gradient":""}},"_joinchat":[],"footnotes":""},"class_list":["post-717","page","type-page","status-publish","hentry"],"aioseo_notices":[],"_links":{"self":[{"href":"https:\/\/drtarickleite.net\/index.php\/wp-json\/wp\/v2\/pages\/717","targetHints":{"allow":["GET"]}}],"collection":[{"href":"https:\/\/drtarickleite.net\/index.php\/wp-json\/wp\/v2\/pages"}],"about":[{"href":"https:\/\/drtarickleite.net\/index.php\/wp-json\/wp\/v2\/types\/page"}],"author":[{"embeddable":true,"href":"https:\/\/drtarickleite.net\/index.php\/wp-json\/wp\/v2\/users\/1"}],"replies":[{"embeddable":true,"href":"https:\/\/drtarickleite.net\/index.php\/wp-json\/wp\/v2\/comments?post=717"}],"version-history":[{"count":88,"href":"https:\/\/drtarickleite.net\/index.php\/wp-json\/wp\/v2\/pages\/717\/revisions"}],"predecessor-version":[{"id":2589,"href":"https:\/\/drtarickleite.net\/index.php\/wp-json\/wp\/v2\/pages\/717\/revisions\/2589"}],"wp:attachment":[{"href":"https:\/\/drtarickleite.net\/index.php\/wp-json\/wp\/v2\/media?parent=717"}],"curies":[{"name":"wp","href":"https:\/\/api.w.org\/{rel}","templated":true}]}}