{"id":2971,"date":"2024-04-10T18:47:01","date_gmt":"2024-04-10T22:47:01","guid":{"rendered":"https:\/\/drtarickleite.net\/?page_id=2971"},"modified":"2024-05-22T23:48:56","modified_gmt":"2024-05-23T03:48:56","slug":"blog","status":"publish","type":"page","link":"https:\/\/drtarickleite.net\/index.php\/blog\/","title":{"rendered":"Blog"},"content":{"rendered":"\t\t<div data-elementor-type=\"wp-page\" data-elementor-id=\"2971\" class=\"elementor elementor-2971\" data-elementor-post-type=\"page\">\n\t\t\t\t<div class=\"elementor-element elementor-element-3bd1914 e-flex e-con-boxed e-con e-parent\" data-id=\"3bd1914\" data-element_type=\"container\" data-settings=\"{&quot;background_background&quot;:&quot;slideshow&quot;,&quot;background_slideshow_gallery&quot;:[{&quot;id&quot;:3267,&quot;url&quot;:&quot;http:\\\/\\\/drtarickleite.net\\\/wp-content\\\/uploads\\\/2024\\\/05\\\/Design-sem-nome-38.png&quot;}],&quot;background_slideshow_loop&quot;:&quot;yes&quot;,&quot;background_slideshow_slide_duration&quot;:5000,&quot;background_slideshow_slide_transition&quot;:&quot;fade&quot;,&quot;background_slideshow_transition_duration&quot;:500}\">\n\t\t\t\t\t<div class=\"e-con-inner\">\n\t\t\t\t<div class=\"elementor-element elementor-element-37c0f10 elementor-invisible elementor-widget elementor-widget-heading\" data-id=\"37c0f10\" data-element_type=\"widget\" data-settings=\"{&quot;_animation&quot;:&quot;slideInRight&quot;}\" data-widget_type=\"heading.default\">\n\t\t\t\t<div class=\"elementor-widget-container\">\n\t\t\t\t\t<h1 class=\"elementor-heading-title elementor-size-default\">Nosso Blog<\/h1>\t\t\t\t<\/div>\n\t\t\t\t<\/div>\n\t\t\t\t\t<\/div>\n\t\t\t\t<\/div>\n\t\t<div class=\"elementor-element elementor-element-280a725 e-flex e-con-boxed e-con e-parent\" data-id=\"280a725\" data-element_type=\"container\">\n\t\t\t\t\t<div class=\"e-con-inner\">\n\t\t\t\t<div class=\"elementor-element elementor-element-23289bb elementor-grid-3 elementor-grid-tablet-2 elementor-grid-mobile-1 elementor-posts--thumbnail-top elementor-card-shadow-yes elementor-posts__hover-gradient elementor-widget elementor-widget-posts\" data-id=\"23289bb\" data-element_type=\"widget\" data-settings=\"{&quot;pagination_type&quot;:&quot;numbers_and_prev_next&quot;,&quot;cards_columns&quot;:&quot;3&quot;,&quot;cards_columns_tablet&quot;:&quot;2&quot;,&quot;cards_columns_mobile&quot;:&quot;1&quot;,&quot;cards_row_gap&quot;:{&quot;unit&quot;:&quot;px&quot;,&quot;size&quot;:35,&quot;sizes&quot;:[]},&quot;cards_row_gap_tablet&quot;:{&quot;unit&quot;:&quot;px&quot;,&quot;size&quot;:&quot;&quot;,&quot;sizes&quot;:[]},&quot;cards_row_gap_mobile&quot;:{&quot;unit&quot;:&quot;px&quot;,&quot;size&quot;:&quot;&quot;,&quot;sizes&quot;:[]}}\" data-widget_type=\"posts.cards\">\n\t\t\t\t<div class=\"elementor-widget-container\">\n\t\t\t\t\t\t\t<div class=\"elementor-posts-container elementor-posts elementor-posts--skin-cards elementor-grid\" role=\"list\">\n\t\t\t\t<article class=\"elementor-post elementor-grid-item post-3139 post type-post status-publish format-standard has-post-thumbnail hentry category-blog\" role=\"listitem\">\n\t\t\t<div class=\"elementor-post__card\">\n\t\t\t\t<a class=\"elementor-post__thumbnail__link\" href=\"https:\/\/drtarickleite.net\/index.php\/2024\/05\/09\/endoscopia-9\/\" tabindex=\"-1\" ><div class=\"elementor-post__thumbnail\"><img fetchpriority=\"high\" decoding=\"async\" width=\"300\" height=\"177\" src=\"https:\/\/drtarickleite.net\/wp-content\/uploads\/2024\/05\/Design-sem-nome-29-300x177.png\" class=\"attachment-medium size-medium wp-image-3177\" alt=\"\" srcset=\"https:\/\/drtarickleite.net\/wp-content\/uploads\/2024\/05\/Design-sem-nome-29-300x177.png 300w, https:\/\/drtarickleite.net\/wp-content\/uploads\/2024\/05\/Design-sem-nome-29-768x452.png 768w, https:\/\/drtarickleite.net\/wp-content\/uploads\/2024\/05\/Design-sem-nome-29.png 1004w\" sizes=\"(max-width: 300px) 100vw, 300px\" \/><\/div><\/a>\n\t\t\t\t<div class=\"elementor-post__text\">\n\t\t\t\t<h3 class=\"elementor-post__title\">\n\t\t\t<a href=\"https:\/\/drtarickleite.net\/index.php\/2024\/05\/09\/endoscopia-9\/\" >\n\t\t\t\tRetossigmoidoscopia\t\t\t<\/a>\n\t\t<\/h3>\n\t\t\t\t<div class=\"elementor-post__excerpt\">\n\t\t\t<p>O que \u00e9 a retossigmoidoscopia flex\u00edvel? Retossigmoidoscopia\u00a0\u00e9 um tipo de procedimento m\u00e9dico realizado para averiguar as condi\u00e7\u00f5es f\u00edsicas da por\u00e7\u00e3o final do intestino grosso.\u00a0Isso \u00e9 feito por meio da inser\u00e7\u00e3o de um tubo flex\u00edvel com uma c\u00e2mera na ponta\u00a0no \u00e2nus<\/p>\n\t\t<\/div>\n\t\t\n\t\t<a class=\"elementor-post__read-more\" href=\"https:\/\/drtarickleite.net\/index.php\/2024\/05\/09\/endoscopia-9\/\" aria-label=\"Read more about Retossigmoidoscopia\" tabindex=\"-1\" >\n\t\t\tLeia mais \u00bb\t\t<\/a>\n\n\t\t\t\t<\/div>\n\t\t\t\t<div class=\"elementor-post__meta-data\">\n\t\t\t\t\t<span class=\"elementor-post-date\">\n\t\t\t9 de maio de 2024\t\t<\/span>\n\t\t\t\t<\/div>\n\t\t\t\t\t<\/div>\n\t\t<\/article>\n\t\t\t\t<article class=\"elementor-post elementor-grid-item post-3134 post type-post status-publish format-standard has-post-thumbnail hentry category-blog\" role=\"listitem\">\n\t\t\t<div class=\"elementor-post__card\">\n\t\t\t\t<a class=\"elementor-post__thumbnail__link\" href=\"https:\/\/drtarickleite.net\/index.php\/2024\/05\/09\/endoscopia-8\/\" tabindex=\"-1\" ><div class=\"elementor-post__thumbnail\"><img decoding=\"async\" width=\"300\" height=\"177\" src=\"https:\/\/drtarickleite.net\/wp-content\/uploads\/2024\/05\/Design-sem-nome-30-300x177.png\" class=\"attachment-medium size-medium wp-image-3179\" alt=\"\" srcset=\"https:\/\/drtarickleite.net\/wp-content\/uploads\/2024\/05\/Design-sem-nome-30-300x177.png 300w, https:\/\/drtarickleite.net\/wp-content\/uploads\/2024\/05\/Design-sem-nome-30-768x452.png 768w, https:\/\/drtarickleite.net\/wp-content\/uploads\/2024\/05\/Design-sem-nome-30.png 1004w\" sizes=\"(max-width: 300px) 100vw, 300px\" \/><\/div><\/a>\n\t\t\t\t<div class=\"elementor-post__text\">\n\t\t\t\t<h3 class=\"elementor-post__title\">\n\t\t\t<a href=\"https:\/\/drtarickleite.net\/index.php\/2024\/05\/09\/endoscopia-8\/\" >\n\t\t\t\tpHmetria esof\u00e1gica\t\t\t<\/a>\n\t\t<\/h3>\n\t\t\t\t<div class=\"elementor-post__excerpt\">\n\t\t\t<p>pHmetria esof\u00e1gica de 24h, o que \u00e9? A\u00a0ligadura el\u00e1stica por endoscopia digestiva alta\u00a0\u00e9 um procedimento que auxilia o paciente na recupera\u00e7\u00e3o das chamadas varizes de es\u00f4fago. As varizes de es\u00f4fago acontecem quando as veias se tornam dilatadas na parte inferior<\/p>\n\t\t<\/div>\n\t\t\n\t\t<a class=\"elementor-post__read-more\" href=\"https:\/\/drtarickleite.net\/index.php\/2024\/05\/09\/endoscopia-8\/\" aria-label=\"Read more about pHmetria esof\u00e1gica\" tabindex=\"-1\" >\n\t\t\tLeia mais \u00bb\t\t<\/a>\n\n\t\t\t\t<\/div>\n\t\t\t\t<div class=\"elementor-post__meta-data\">\n\t\t\t\t\t<span class=\"elementor-post-date\">\n\t\t\t9 de maio de 2024\t\t<\/span>\n\t\t\t\t<\/div>\n\t\t\t\t\t<\/div>\n\t\t<\/article>\n\t\t\t\t<article class=\"elementor-post elementor-grid-item post-3129 post type-post status-publish format-standard has-post-thumbnail hentry category-blog\" role=\"listitem\">\n\t\t\t<div class=\"elementor-post__card\">\n\t\t\t\t<a class=\"elementor-post__thumbnail__link\" href=\"https:\/\/drtarickleite.net\/index.php\/2024\/05\/09\/endoscopia-7\/\" tabindex=\"-1\" ><div class=\"elementor-post__thumbnail\"><img decoding=\"async\" width=\"300\" height=\"177\" src=\"https:\/\/drtarickleite.net\/wp-content\/uploads\/2024\/05\/Design-sem-nome-31-300x177.png\" class=\"attachment-medium size-medium wp-image-3184\" alt=\"\" srcset=\"https:\/\/drtarickleite.net\/wp-content\/uploads\/2024\/05\/Design-sem-nome-31-300x177.png 300w, https:\/\/drtarickleite.net\/wp-content\/uploads\/2024\/05\/Design-sem-nome-31-768x452.png 768w, https:\/\/drtarickleite.net\/wp-content\/uploads\/2024\/05\/Design-sem-nome-31.png 1004w\" sizes=\"(max-width: 300px) 100vw, 300px\" \/><\/div><\/a>\n\t\t\t\t<div class=\"elementor-post__text\">\n\t\t\t\t<h3 class=\"elementor-post__title\">\n\t\t\t<a href=\"https:\/\/drtarickleite.net\/index.php\/2024\/05\/09\/endoscopia-7\/\" >\n\t\t\t\tMucosectomia\t\t\t<\/a>\n\t\t<\/h3>\n\t\t\t\t<div class=\"elementor-post__excerpt\">\n\t\t\t<p>O que \u00e9 Mucosectomia? A\u00a0mucosectomia\u00a0\u00e9 um procedimento m\u00e9dico que visa remover as les\u00f5es presentes no interior do tubo digestivo, em suas camadas mais superficiais. Ela \u00e9 feita por meio de uma endoscopia e colonoscopia, e \u00e9 um procedimento minimamente invasivo.<\/p>\n\t\t<\/div>\n\t\t\n\t\t<a class=\"elementor-post__read-more\" href=\"https:\/\/drtarickleite.net\/index.php\/2024\/05\/09\/endoscopia-7\/\" aria-label=\"Read more about Mucosectomia\" tabindex=\"-1\" >\n\t\t\tLeia mais \u00bb\t\t<\/a>\n\n\t\t\t\t<\/div>\n\t\t\t\t<div class=\"elementor-post__meta-data\">\n\t\t\t\t\t<span class=\"elementor-post-date\">\n\t\t\t9 de maio de 2024\t\t<\/span>\n\t\t\t\t<\/div>\n\t\t\t\t\t<\/div>\n\t\t<\/article>\n\t\t\t\t<article class=\"elementor-post elementor-grid-item post-3124 post type-post status-publish format-standard has-post-thumbnail hentry category-blog\" role=\"listitem\">\n\t\t\t<div class=\"elementor-post__card\">\n\t\t\t\t<a class=\"elementor-post__thumbnail__link\" href=\"https:\/\/drtarickleite.net\/index.php\/2024\/05\/09\/endoscopia-6\/\" tabindex=\"-1\" ><div class=\"elementor-post__thumbnail\"><img loading=\"lazy\" decoding=\"async\" width=\"300\" height=\"200\" src=\"https:\/\/drtarickleite.net\/wp-content\/uploads\/2024\/01\/IMG_1504-300x200.jpg\" class=\"attachment-medium size-medium wp-image-1840\" alt=\"\" srcset=\"https:\/\/drtarickleite.net\/wp-content\/uploads\/2024\/01\/IMG_1504-300x200.jpg 300w, https:\/\/drtarickleite.net\/wp-content\/uploads\/2024\/01\/IMG_1504-1024x683.jpg 1024w, https:\/\/drtarickleite.net\/wp-content\/uploads\/2024\/01\/IMG_1504-768x512.jpg 768w, https:\/\/drtarickleite.net\/wp-content\/uploads\/2024\/01\/IMG_1504-1536x1024.jpg 1536w, https:\/\/drtarickleite.net\/wp-content\/uploads\/2024\/01\/IMG_1504-2048x1365.jpg 2048w\" sizes=\"(max-width: 300px) 100vw, 300px\" \/><\/div><\/a>\n\t\t\t\t<div class=\"elementor-post__text\">\n\t\t\t\t<h3 class=\"elementor-post__title\">\n\t\t\t<a href=\"https:\/\/drtarickleite.net\/index.php\/2024\/05\/09\/endoscopia-6\/\" >\n\t\t\t\tManometria Esof\u00e1gica\t\t\t<\/a>\n\t\t<\/h3>\n\t\t\t\t<div class=\"elementor-post__excerpt\">\n\t\t\t<p>Manometria Esof\u00e1gica A Manometria de Alta Resolu\u00e7\u00e3o (MAR) com 24 canais \u00e9 um exame realizado para estudar a for\u00e7a e a coordena\u00e7\u00e3o das contra\u00e7\u00f5es do es\u00f4fago. Com a Manometria \u00e9 poss\u00edvel avaliar a for\u00e7a das v\u00e1lvulas do es\u00f4fago (esf\u00edncteres) que<\/p>\n\t\t<\/div>\n\t\t\n\t\t<a class=\"elementor-post__read-more\" href=\"https:\/\/drtarickleite.net\/index.php\/2024\/05\/09\/endoscopia-6\/\" aria-label=\"Read more about Manometria Esof\u00e1gica\" tabindex=\"-1\" >\n\t\t\tLeia mais \u00bb\t\t<\/a>\n\n\t\t\t\t<\/div>\n\t\t\t\t<div class=\"elementor-post__meta-data\">\n\t\t\t\t\t<span class=\"elementor-post-date\">\n\t\t\t9 de maio de 2024\t\t<\/span>\n\t\t\t\t<\/div>\n\t\t\t\t\t<\/div>\n\t\t<\/article>\n\t\t\t\t<article class=\"elementor-post elementor-grid-item post-3119 post type-post status-publish format-standard has-post-thumbnail hentry category-blog\" role=\"listitem\">\n\t\t\t<div class=\"elementor-post__card\">\n\t\t\t\t<a class=\"elementor-post__thumbnail__link\" href=\"https:\/\/drtarickleite.net\/index.php\/2024\/05\/09\/endoscopia-5\/\" tabindex=\"-1\" ><div class=\"elementor-post__thumbnail\"><img loading=\"lazy\" decoding=\"async\" width=\"300\" height=\"177\" src=\"https:\/\/drtarickleite.net\/wp-content\/uploads\/2024\/05\/Design-sem-nome-32-300x177.png\" class=\"attachment-medium size-medium wp-image-3193\" alt=\"\" srcset=\"https:\/\/drtarickleite.net\/wp-content\/uploads\/2024\/05\/Design-sem-nome-32-300x177.png 300w, https:\/\/drtarickleite.net\/wp-content\/uploads\/2024\/05\/Design-sem-nome-32-768x452.png 768w, https:\/\/drtarickleite.net\/wp-content\/uploads\/2024\/05\/Design-sem-nome-32.png 1004w\" sizes=\"(max-width: 300px) 100vw, 300px\" \/><\/div><\/a>\n\t\t\t\t<div class=\"elementor-post__text\">\n\t\t\t\t<h3 class=\"elementor-post__title\">\n\t\t\t<a href=\"https:\/\/drtarickleite.net\/index.php\/2024\/05\/09\/endoscopia-5\/\" >\n\t\t\t\tLigadura El\u00e1stica\t\t\t<\/a>\n\t\t<\/h3>\n\t\t\t\t<div class=\"elementor-post__excerpt\">\n\t\t\t<p>O que \u00e9 Ligadura El\u00e1stica ? A\u00a0ligadura el\u00e1stica por endoscopia digestiva alta\u00a0\u00e9 um procedimento que auxilia o paciente na recupera\u00e7\u00e3o das chamadas varizes de es\u00f4fago. As varizes de es\u00f4fago acontecem quando as veias se tornam dilatadas na parte inferior do<\/p>\n\t\t<\/div>\n\t\t\n\t\t<a class=\"elementor-post__read-more\" href=\"https:\/\/drtarickleite.net\/index.php\/2024\/05\/09\/endoscopia-5\/\" aria-label=\"Read more about Ligadura El\u00e1stica\" tabindex=\"-1\" >\n\t\t\tLeia mais \u00bb\t\t<\/a>\n\n\t\t\t\t<\/div>\n\t\t\t\t<div class=\"elementor-post__meta-data\">\n\t\t\t\t\t<span class=\"elementor-post-date\">\n\t\t\t9 de maio de 2024\t\t<\/span>\n\t\t\t\t<\/div>\n\t\t\t\t\t<\/div>\n\t\t<\/article>\n\t\t\t\t<article class=\"elementor-post elementor-grid-item post-3114 post type-post status-publish format-standard has-post-thumbnail hentry category-blog\" role=\"listitem\">\n\t\t\t<div class=\"elementor-post__card\">\n\t\t\t\t<a class=\"elementor-post__thumbnail__link\" href=\"https:\/\/drtarickleite.net\/index.php\/2024\/05\/09\/endoscopia-4\/\" tabindex=\"-1\" ><div class=\"elementor-post__thumbnail\"><img loading=\"lazy\" decoding=\"async\" width=\"300\" height=\"177\" src=\"https:\/\/drtarickleite.net\/wp-content\/uploads\/2024\/05\/Design-sem-nome-33-300x177.png\" class=\"attachment-medium size-medium wp-image-3198\" alt=\"\" srcset=\"https:\/\/drtarickleite.net\/wp-content\/uploads\/2024\/05\/Design-sem-nome-33-300x177.png 300w, https:\/\/drtarickleite.net\/wp-content\/uploads\/2024\/05\/Design-sem-nome-33-768x452.png 768w, https:\/\/drtarickleite.net\/wp-content\/uploads\/2024\/05\/Design-sem-nome-33.png 1004w\" sizes=\"(max-width: 300px) 100vw, 300px\" \/><\/div><\/a>\n\t\t\t\t<div class=\"elementor-post__text\">\n\t\t\t\t<h3 class=\"elementor-post__title\">\n\t\t\t<a href=\"https:\/\/drtarickleite.net\/index.php\/2024\/05\/09\/endoscopia-4\/\" >\n\t\t\t\tImpedanciopHmetria Esof\u00e1gica\t\t\t<\/a>\n\t\t<\/h3>\n\t\t\t\t<div class=\"elementor-post__excerpt\">\n\t\t\t<p>ImpedanciopHmetria esof\u00e1gica, o que \u00e9? A Impedanciometria esof\u00e1gica \u00e9 um exame semelhante \u00e0 pHmetria convencional, que, al\u00e9m das informa\u00e7\u00f5es dessa \u00faltima, permite classificar o refluxo gastroesof\u00e1gico como sendo \u00e1cido, n\u00e3o \u00e1cido ou misto. Esse exame tem os mesmos princ\u00edpios da<\/p>\n\t\t<\/div>\n\t\t\n\t\t<a class=\"elementor-post__read-more\" href=\"https:\/\/drtarickleite.net\/index.php\/2024\/05\/09\/endoscopia-4\/\" aria-label=\"Read more about ImpedanciopHmetria Esof\u00e1gica\" tabindex=\"-1\" >\n\t\t\tLeia mais \u00bb\t\t<\/a>\n\n\t\t\t\t<\/div>\n\t\t\t\t<div class=\"elementor-post__meta-data\">\n\t\t\t\t\t<span class=\"elementor-post-date\">\n\t\t\t9 de maio de 2024\t\t<\/span>\n\t\t\t\t<\/div>\n\t\t\t\t\t<\/div>\n\t\t<\/article>\n\t\t\t\t<\/div>\n\t\t\n\t\t\t\t<div class=\"e-load-more-anchor\" data-page=\"1\" data-max-page=\"2\" data-next-page=\"https:\/\/drtarickleite.net\/index.php\/wp-json\/wp\/v2\/pages\/2971\/page\/2\/\"><\/div>\n\t\t\t\t<nav class=\"elementor-pagination\" aria-label=\"Pagina\u00e7\u00e3o\">\n\t\t\t<span class=\"page-numbers prev\">&laquo; Anterior<\/span>\n<span aria-current=\"page\" class=\"page-numbers current\"><span class=\"elementor-screen-only\">P\u00e1gina<\/span>1<\/span>\n<a class=\"page-numbers\" href=\"https:\/\/drtarickleite.net\/index.php\/wp-json\/wp\/v2\/pages\/2971\/page\/2\/\"><span class=\"elementor-screen-only\">P\u00e1gina<\/span>2<\/a>\n<a class=\"page-numbers next\" href=\"https:\/\/drtarickleite.net\/index.php\/wp-json\/wp\/v2\/pages\/2971\/page\/2\/\">Seguinte &raquo;<\/a>\t\t<\/nav>\n\t\t\t\t\t\t<\/div>\n\t\t\t\t<\/div>\n\t\t\t\t\t<\/div>\n\t\t\t\t<\/div>\n\t\t<div class=\"elementor-element elementor-element-3a7c806 e-flex e-con-boxed e-con e-parent\" data-id=\"3a7c806\" data-element_type=\"container\">\n\t\t\t\t\t<div class=\"e-con-inner\">\n\t\t\t\t\t<\/div>\n\t\t\t\t<\/div>\n\t\t\t\t<\/div>\n\t\t","protected":false},"excerpt":{"rendered":"<p>Nosso Blog<\/p>\n","protected":false},"author":1,"featured_media":0,"parent":0,"menu_order":0,"comment_status":"closed","ping_status":"closed","template":"","meta":{"om_disable_all_campaigns":false,"inline_featured_image":false,"_monsterinsights_skip_tracking":false,"_monsterinsights_sitenote_active":false,"_monsterinsights_sitenote_note":"","_monsterinsights_sitenote_category":0,"site-sidebar-layout":"no-sidebar","site-content-layout":"page-builder","ast-site-content-layout":"full-width-container","site-content-style":"default","site-sidebar-style":"default","ast-global-header-display":"","ast-banner-title-visibility":"","ast-main-header-display":"","ast-hfb-above-header-display":"","ast-hfb-below-header-display":"","ast-hfb-mobile-header-display":"","site-post-title":"disabled","ast-breadcrumbs-content":"","ast-featured-img":"disabled","footer-sml-layout":"","ast-disable-related-posts":"","theme-transparent-header-meta":"","adv-header-id-meta":"","stick-header-meta":"","header-above-stick-meta":"","header-main-stick-meta":"","header-below-stick-meta":"","astra-migrate-meta-layouts":"default","ast-page-background-enabled":"default","ast-page-background-meta":{"desktop":{"background-color":"","background-image":"","background-repeat":"repeat","background-position":"center center","background-size":"auto","background-attachment":"scroll","background-type":"","background-media":"","overlay-type":"","overlay-color":"","overlay-opacity":"","overlay-gradient":""},"tablet":{"background-color":"","background-image":"","background-repeat":"repeat","background-position":"center center","background-size":"auto","background-attachment":"scroll","background-type":"","background-media":"","overlay-type":"","overlay-color":"","overlay-opacity":"","overlay-gradient":""},"mobile":{"background-color":"","background-image":"","background-repeat":"repeat","background-position":"center center","background-size":"auto","background-attachment":"scroll","background-type":"","background-media":"","overlay-type":"","overlay-color":"","overlay-opacity":"","overlay-gradient":""}},"ast-content-background-meta":{"desktop":{"background-color":"var(--ast-global-color-5)","background-image":"","background-repeat":"repeat","background-position":"center center","background-size":"auto","background-attachment":"scroll","background-type":"","background-media":"","overlay-type":"","overlay-color":"","overlay-opacity":"","overlay-gradient":""},"tablet":{"background-color":"var(--ast-global-color-5)","background-image":"","background-repeat":"repeat","background-position":"center center","background-size":"auto","background-attachment":"scroll","background-type":"","background-media":"","overlay-type":"","overlay-color":"","overlay-opacity":"","overlay-gradient":""},"mobile":{"background-color":"var(--ast-global-color-5)","background-image":"","background-repeat":"repeat","background-position":"center center","background-size":"auto","background-attachment":"scroll","background-type":"","background-media":"","overlay-type":"","overlay-color":"","overlay-opacity":"","overlay-gradient":""}},"_joinchat":[],"footnotes":""},"class_list":["post-2971","page","type-page","status-publish","hentry"],"aioseo_notices":[],"_links":{"self":[{"href":"https:\/\/drtarickleite.net\/index.php\/wp-json\/wp\/v2\/pages\/2971","targetHints":{"allow":["GET"]}}],"collection":[{"href":"https:\/\/drtarickleite.net\/index.php\/wp-json\/wp\/v2\/pages"}],"about":[{"href":"https:\/\/drtarickleite.net\/index.php\/wp-json\/wp\/v2\/types\/page"}],"author":[{"embeddable":true,"href":"https:\/\/drtarickleite.net\/index.php\/wp-json\/wp\/v2\/users\/1"}],"replies":[{"embeddable":true,"href":"https:\/\/drtarickleite.net\/index.php\/wp-json\/wp\/v2\/comments?post=2971"}],"version-history":[{"count":49,"href":"https:\/\/drtarickleite.net\/index.php\/wp-json\/wp\/v2\/pages\/2971\/revisions"}],"predecessor-version":[{"id":3315,"href":"https:\/\/drtarickleite.net\/index.php\/wp-json\/wp\/v2\/pages\/2971\/revisions\/3315"}],"wp:attachment":[{"href":"https:\/\/drtarickleite.net\/index.php\/wp-json\/wp\/v2\/media?parent=2971"}],"curies":[{"name":"wp","href":"https:\/\/api.w.org\/{rel}","templated":true}]}}